{"id":656,"date":"2023-10-09T14:25:18","date_gmt":"2023-10-09T12:25:18","guid":{"rendered":"https:\/\/netzwerk-nutricare.ch\/?page_id=656"},"modified":"2025-08-04T13:27:45","modified_gmt":"2025-08-04T11:27:45","slug":"datenschutz","status":"publish","type":"page","link":"https:\/\/netzwerk-nutricare.ch\/index.php\/datenschutz\/","title":{"rendered":"Datenschutz"},"content":{"rendered":"\n<p>In der Schweiz wurde im 2023 die Datenschutzerkl\u00e4rungen \u00fcberarbeitet.  Wie das Netzwerk Nutricare dieses umsetzt, k\u00f6nnen Sie in den untenstehenden Dateien nachlesen:<\/p>\n\n\n\n<div class=\"wp-block-file\"><a id=\"wp-block-file--media-6e19332f-731b-4101-b566-fc423c47bff0\" href=\"https:\/\/netzwerk-nutricare.ch\/wp-content\/uploads\/2024\/01\/Netzwerk-Nutricare-Datenschutzerklaerung-Personendaten.pdf\">Netzwerk-Nutricare-Datenschutzerklaerung-Personendaten<\/a><a href=\"https:\/\/netzwerk-nutricare.ch\/wp-content\/uploads\/2024\/01\/Netzwerk-Nutricare-Datenschutzerklaerung-Personendaten.pdf\" class=\"wp-block-file__button wp-element-button\" download aria-describedby=\"wp-block-file--media-6e19332f-731b-4101-b566-fc423c47bff0\">Herunterladen<\/a><\/div>\n\n\n\n<div class=\"wp-block-file\"><a id=\"wp-block-file--media-6e19332f-731b-4101-b566-fc423c47bff0\" href=\"https:\/\/netzwerk-nutricare.ch\/wp-content\/uploads\/2024\/01\/Datenschutzerklaerung_Website-Netzwerk-Nutricare-1.pdf\">Datenschutzerklaerung_Website-Netzwerk-Nutricare-1<\/a><a href=\"https:\/\/netzwerk-nutricare.ch\/wp-content\/uploads\/2024\/01\/Datenschutzerklaerung_Website-Netzwerk-Nutricare-1.pdf\" class=\"wp-block-file__button wp-element-button\" download aria-describedby=\"wp-block-file--media-6e19332f-731b-4101-b566-fc423c47bff0\">Herunterladen<\/a><\/div>\n","protected":false},"excerpt":{"rendered":"<p>In der Schweiz wurde im 2023 die Datenschutzerkl\u00e4rungen \u00fcberarbeitet. Wie das Netzwerk Nutricare dieses umsetzt, k\u00f6nnen Sie in den untenstehenden Dateien nachlesen:<\/p>\n","protected":false},"author":1,"featured_media":0,"parent":0,"menu_order":0,"comment_status":"closed","ping_status":"closed","template":"","meta":{"om_disable_all_campaigns":false,"_monsterinsights_skip_tracking":false,"_monsterinsights_sitenote_active":false,"_monsterinsights_sitenote_note":"","_monsterinsights_sitenote_category":0,"footnotes":""},"class_list":["post-656","page","type-page","status-publish","hentry"],"aioseo_notices":[],"_links":{"self":[{"href":"https:\/\/netzwerk-nutricare.ch\/index.php\/wp-json\/wp\/v2\/pages\/656","targetHints":{"allow":["GET"]}}],"collection":[{"href":"https:\/\/netzwerk-nutricare.ch\/index.php\/wp-json\/wp\/v2\/pages"}],"about":[{"href":"https:\/\/netzwerk-nutricare.ch\/index.php\/wp-json\/wp\/v2\/types\/page"}],"author":[{"embeddable":true,"href":"https:\/\/netzwerk-nutricare.ch\/index.php\/wp-json\/wp\/v2\/users\/1"}],"replies":[{"embeddable":true,"href":"https:\/\/netzwerk-nutricare.ch\/index.php\/wp-json\/wp\/v2\/comments?post=656"}],"version-history":[{"count":7,"href":"https:\/\/netzwerk-nutricare.ch\/index.php\/wp-json\/wp\/v2\/pages\/656\/revisions"}],"predecessor-version":[{"id":779,"href":"https:\/\/netzwerk-nutricare.ch\/index.php\/wp-json\/wp\/v2\/pages\/656\/revisions\/779"}],"wp:attachment":[{"href":"https:\/\/netzwerk-nutricare.ch\/index.php\/wp-json\/wp\/v2\/media?parent=656"}],"curies":[{"name":"wp","href":"https:\/\/api.w.org\/{rel}","templated":true}]}}