{"id":82,"date":"2019-01-29T14:25:44","date_gmt":"2019-01-29T14:25:44","guid":{"rendered":"http:\/\/netzwerk-nutricare.ch\/?page_id=82"},"modified":"2026-03-10T13:40:53","modified_gmt":"2026-03-10T12:40:53","slug":"herzlich-willkommen","status":"publish","type":"page","link":"https:\/\/netzwerk-nutricare.ch\/","title":{"rendered":"Netzwerk Nutricare"},"content":{"rendered":"\n<p class=\"has-text-align-left has-medium-font-size\" id=\"Ern\u00e4hrungsfachwissen\">Unser Netzwerk bietet Ern\u00e4hrungsfachwissen wohnortnah &#8211; vom Berner Mittelland bis ins Oberland<\/p>\n\n\n\n<p>Wir sind ein Netzwerkvon Ern\u00e4hrungsberater*innen f\u00fcr all Ihre Anliegen\/Fragen rund um die Ern\u00e4hrung. Als Netzwerk Nutricare wollen wir vor allem den \u00dcbergang aus dem Spital in den Alltag zu Hause vor Ort vereinfachen!<br>Klicken Sie auf die Buttons, um weitere Informationen zu erhalten. Weiter unten finden Sie die Verordnung zur Ern\u00e4hrungsberatung. <\/p>\n\n\n\n<div class=\"wp-block-columns is-layout-flex wp-container-core-columns-is-layout-9d6595d7 wp-block-columns-is-layout-flex\">\n<div class=\"wp-block-column is-layout-flow wp-block-column-is-layout-flow\" style=\"flex-basis:100%\">\n<div class=\"wp-block-group\"><div class=\"wp-block-group__inner-container is-layout-constrained wp-block-group-is-layout-constrained\">\n<div class=\"wp-block-buttons is-horizontal is-content-justification-center is-layout-flex wp-container-core-buttons-is-layout-937ffba9 wp-block-buttons-is-layout-flex\">\n<div class=\"wp-block-button has-custom-width wp-block-button__width-25 is-style-fill\"><a class=\"wp-block-button__link has-vivid-cyan-blue-background-color has-background wp-element-button\" href=\"https:\/\/netzwerk-nutricare.ch\/index.php\/standorte\/\" target=\"_blank\" rel=\"noreferrer noopener\">Standorte im Kanton Bern<\/a><\/div>\n\n\n\n<div class=\"wp-block-button has-custom-width wp-block-button__width-25 is-style-fill\"><a class=\"wp-block-button__link has-vivid-cyan-blue-background-color has-background wp-element-button\">Mitglieder des Netzwerks                <\/a><\/div>\n\n\n\n<div class=\"wp-block-button has-custom-width wp-block-button__width-25\"><a class=\"wp-block-button__link has-vivid-cyan-blue-background-color has-background wp-element-button\">Mehr      Infor- mationen<\/a><\/div>\n<\/div>\n<\/div><\/div>\n<\/div>\n<\/div>\n\n\n\n<p>Hier finden Sie das Verordnungsformular, welches Sie ben\u00f6tigen, damit die Kosten der Ern\u00e4hrungsberatung von der Krankenkasse \u00fcbernommen wird:<\/p>\n\n\n\n<div class=\"wp-block-file\"><a id=\"wp-block-file--media-d95b0d0e-2668-42ee-8166-d39b789f6e14\" href=\"https:\/\/netzwerk-nutricare.ch\/wp-content\/uploads\/2025\/02\/Verordnungsformular_D_2023_geschuetzt-1.docx\">Verordnungsformular_D_2023_geschuetzt (1)<\/a><a href=\"https:\/\/netzwerk-nutricare.ch\/wp-content\/uploads\/2025\/02\/Verordnungsformular_D_2023_geschuetzt-1.docx\" class=\"wp-block-file__button wp-element-button\" download aria-describedby=\"wp-block-file--media-d95b0d0e-2668-42ee-8166-d39b789f6e14\">Herunterladen<\/a><\/div>\n","protected":false},"excerpt":{"rendered":"<p>Unser Netzwerk bietet Ern\u00e4hrungsfachwissen wohnortnah &#8211; vom Berner Mittelland bis ins Oberland Wir sind ein Netzwerkvon Ern\u00e4hrungsberater*innen f\u00fcr all Ihre Anliegen\/Fragen rund um die Ern\u00e4hrung. Als Netzwerk Nutricare wollen wir vor allem den \u00dcbergang aus dem Spital in den Alltag zu Hause vor Ort vereinfachen!Klicken Sie auf die Buttons, um weitere Informationen zu erhalten. Weiter &hellip; <\/p>\n<p class=\"link-more\"><a href=\"https:\/\/netzwerk-nutricare.ch\/\" class=\"more-link\"><span class=\"screen-reader-text\">&#171;Netzwerk Nutricare&#187;<\/span> weiterlesen<\/a><\/p>\n","protected":false},"author":1,"featured_media":0,"parent":0,"menu_order":0,"comment_status":"closed","ping_status":"closed","template":"","meta":{"om_disable_all_campaigns":false,"_monsterinsights_skip_tracking":false,"_monsterinsights_sitenote_active":false,"_monsterinsights_sitenote_note":"","_monsterinsights_sitenote_category":0,"footnotes":""},"class_list":["post-82","page","type-page","status-publish","hentry"],"aioseo_notices":[],"_links":{"self":[{"href":"https:\/\/netzwerk-nutricare.ch\/index.php\/wp-json\/wp\/v2\/pages\/82","targetHints":{"allow":["GET"]}}],"collection":[{"href":"https:\/\/netzwerk-nutricare.ch\/index.php\/wp-json\/wp\/v2\/pages"}],"about":[{"href":"https:\/\/netzwerk-nutricare.ch\/index.php\/wp-json\/wp\/v2\/types\/page"}],"author":[{"embeddable":true,"href":"https:\/\/netzwerk-nutricare.ch\/index.php\/wp-json\/wp\/v2\/users\/1"}],"replies":[{"embeddable":true,"href":"https:\/\/netzwerk-nutricare.ch\/index.php\/wp-json\/wp\/v2\/comments?post=82"}],"version-history":[{"count":51,"href":"https:\/\/netzwerk-nutricare.ch\/index.php\/wp-json\/wp\/v2\/pages\/82\/revisions"}],"predecessor-version":[{"id":834,"href":"https:\/\/netzwerk-nutricare.ch\/index.php\/wp-json\/wp\/v2\/pages\/82\/revisions\/834"}],"wp:attachment":[{"href":"https:\/\/netzwerk-nutricare.ch\/index.php\/wp-json\/wp\/v2\/media?parent=82"}],"curies":[{"name":"wp","href":"https:\/\/api.w.org\/{rel}","templated":true}]}}