{"id":90,"date":"2019-01-29T14:30:28","date_gmt":"2019-01-29T14:30:28","guid":{"rendered":"http:\/\/netzwerk-nutricare.ch\/?page_id=90"},"modified":"2025-08-26T21:33:32","modified_gmt":"2025-08-26T19:33:32","slug":"netzwerk","status":"publish","type":"page","link":"https:\/\/netzwerk-nutricare.ch\/index.php\/netzwerk\/","title":{"rendered":"Netzwerk"},"content":{"rendered":"\n<p><strong>Netzwerk Nutricare <\/strong>&#8211; Die <strong>wohnortnahe<\/strong> Ern\u00e4hrungsberatung\/-Therapie in der ganzen Region Bern &#8211; vom Berner Mittelland bis ins Oberland.<\/p>\n\n\n\n<p>Wir sind die wohnortnahe, krankenkassenanerkannte Ern\u00e4hrungsberatung f\u00fcr all Ihre Anliegen\/Fragen rund um die Ern\u00e4hrung. <br>Essen und Trinken besch\u00e4ftigt uns in jedem Alter und jeder Lebensphase! Grund genug dem Thema Ern\u00e4hrung die n\u00f6tige Aufmerksamkeit zu schenken, wir unterst\u00fctzen Sie dabei!<br>Das Ziel von Netzwerk Nutricare ist es, als Netzwerk von Ern\u00e4hrungsberatungen gut vernetzt in Ihrer N\u00e4he zu sein. Egal ob Sie auf der Suche nach Beratung sind oder ob Sie als Zuweisende (z.B. Haus\u00e4rzt*innen, Spit\u00e4ler, Spitex) auf unser Netzwerk gesto\u00dfen sind: Wir unterst\u00fctzen Sie gerne.<\/p>\n\n\n\n<h3 class=\"wp-block-heading\">Ausgangslage<\/h3>\n\n\n\n<p>Durch die zunehmende Zahl von Patient*innen mit kurzer Aufenthaltsdauer ist eine ambulante Nachbetreuung im Spital oft nicht zufriedenstellend zu bew\u00e4ltigen.  Nach dem Spitalaustritt ist der Weg ins Spital f\u00fcr die Weiterbehandlung oft weit und beschwerlich. Da k\u00f6nnen wir mit unseren Fachkr\u00e4ften vor Ort weiterhelfen und den Alltag f\u00fcr unsere Klient*innen vereinfachen. <\/p>\n\n\n\n<h3 class=\"wp-block-heading\">Ziele<br><\/h3>\n\n\n\n<ul class=\"wp-block-list\">\n<li>F\u00f6rderung der Zusammenarbeit zwischen freiberuflichen BSc BFH Ern\u00e4hrungsberater*innen SVDE, spitalexternen Diensten und niedergelassenen \u00c4rzt*innen bei der Betreuung von Patient*innen  mit Ern\u00e4hrungsproblemen.<\/li>\n\n\n\n<li>F\u00f6rderung der Zusammenarbeit zwischen Gesundheitsversorgern durch systematisches Austritts-, \u00dcbernahme- und Eintrittsmanagement von Patient*innen im Bereich Ern\u00e4hrung.<\/li>\n<\/ul>\n\n\n\n<h3 class=\"wp-block-heading\">Warum ein wohnortnahes Angebot?<\/h3>\n\n\n\n<p>Die optimale Ern\u00e4hrung wird im Spital bedarfsgerecht eingeleitet, mindestens teilweise aufgebaut und f\u00fcr zuhause organisiert. Patient*innen sowie deren Angeh\u00f6rige werden im Spital geschult, informiert und beraten. Insbesondere f\u00fcr Schwerkranke und \u00e4ltere Menschen wird hiermit neu eine wohnortnahe ern\u00e4hrungstherapeutische Weiterbetreuung angeboten, welche in enger Zusammenarbeit mit den zust\u00e4ndigen Haus\u00e4rzt*innen sowie mit den Spitexfachpersonen erfolgt. Mit unserem Netzwerk k\u00f6nnen wir Ern\u00e4hrungsberatung anbieten, welche in vielen Teilen des Kantons Bern stationiert ist. <\/p>\n\n\n\n<p>Wenn Sie im Menu auf<a href=\"https:\/\/netzwerk-nutricare.ch\/index.php\/leistungsangebot\/\" data-type=\"page\" data-id=\"91\"> Leistungsangebot<\/a> klicken, finden Sie die Angaben, wie Zuweisende uns Patient*innen anmelden k\u00f6nnen und wie sich Klient*innen selber anmelden k\u00f6nnen. Unter <a href=\"https:\/\/netzwerk-nutricare.ch\/index.php\/standorte\/\" data-type=\"page\" data-id=\"92\">Standorte<\/a> finden Sie eine \u00dcbersicht, wo wir \u00fcberall zu finden sind. <\/p>\n\n\n\n<p><\/p>\n\n\n\n<p>Unten d\u00fcrfen wir Ihnen die das Handout des Vortrasg von C\u00e9cile Schwab, welchen sie im Rahmen des Zertifikatskurses &#171;Klinische Ern\u00e4hrung&#187; der GESKES gehalten hatte, zur Ansicht anbieten. Ihre Take-Home-Message: &#171;Zielgerichtete, individuelle Ern\u00e4hrungsberatung nach Austritt verbessert den Ern\u00e4hrungszustand&#187; was unserem t\u00e4glichen Ziel entspricht.<\/p>\n\n\n\n<div class=\"wp-block-file\"><a id=\"wp-block-file--media-b54cd9a1-a6a1-4b8f-a66a-ab7de5dc3bde\" href=\"https:\/\/netzwerk-nutricare.ch\/wp-content\/uploads\/2025\/08\/Schwab-Cecile_2021-06-25_ZKE-GESKES-1.pdf\" target=\"_blank\" rel=\"noreferrer noopener\">Schwab-Cecile_2021-06-25_ZKE-GESKES<\/a><a href=\"https:\/\/netzwerk-nutricare.ch\/wp-content\/uploads\/2025\/08\/Schwab-Cecile_2021-06-25_ZKE-GESKES-1.pdf\" class=\"wp-block-file__button wp-element-button\" download aria-describedby=\"wp-block-file--media-b54cd9a1-a6a1-4b8f-a66a-ab7de5dc3bde\">Herunterladen<\/a><\/div>\n","protected":false},"excerpt":{"rendered":"<p>Netzwerk Nutricare &#8211; Die wohnortnahe Ern\u00e4hrungsberatung\/-Therapie in der ganzen Region Bern &#8211; vom Berner Mittelland bis ins Oberland. Wir sind die wohnortnahe, krankenkassenanerkannte Ern\u00e4hrungsberatung f\u00fcr all Ihre Anliegen\/Fragen rund um die Ern\u00e4hrung. Essen und Trinken besch\u00e4ftigt uns in jedem Alter und jeder Lebensphase! Grund genug dem Thema Ern\u00e4hrung die n\u00f6tige Aufmerksamkeit zu schenken, wir unterst\u00fctzen &hellip; <\/p>\n<p class=\"link-more\"><a href=\"https:\/\/netzwerk-nutricare.ch\/index.php\/netzwerk\/\" class=\"more-link\"><span class=\"screen-reader-text\">&#171;Netzwerk&#187;<\/span> weiterlesen<\/a><\/p>\n","protected":false},"author":1,"featured_media":0,"parent":0,"menu_order":0,"comment_status":"closed","ping_status":"closed","template":"","meta":{"om_disable_all_campaigns":false,"_monsterinsights_skip_tracking":false,"_monsterinsights_sitenote_active":false,"_monsterinsights_sitenote_note":"","_monsterinsights_sitenote_category":0,"footnotes":""},"class_list":["post-90","page","type-page","status-publish","hentry"],"aioseo_notices":[],"_links":{"self":[{"href":"https:\/\/netzwerk-nutricare.ch\/index.php\/wp-json\/wp\/v2\/pages\/90","targetHints":{"allow":["GET"]}}],"collection":[{"href":"https:\/\/netzwerk-nutricare.ch\/index.php\/wp-json\/wp\/v2\/pages"}],"about":[{"href":"https:\/\/netzwerk-nutricare.ch\/index.php\/wp-json\/wp\/v2\/types\/page"}],"author":[{"embeddable":true,"href":"https:\/\/netzwerk-nutricare.ch\/index.php\/wp-json\/wp\/v2\/users\/1"}],"replies":[{"embeddable":true,"href":"https:\/\/netzwerk-nutricare.ch\/index.php\/wp-json\/wp\/v2\/comments?post=90"}],"version-history":[{"count":20,"href":"https:\/\/netzwerk-nutricare.ch\/index.php\/wp-json\/wp\/v2\/pages\/90\/revisions"}],"predecessor-version":[{"id":803,"href":"https:\/\/netzwerk-nutricare.ch\/index.php\/wp-json\/wp\/v2\/pages\/90\/revisions\/803"}],"wp:attachment":[{"href":"https:\/\/netzwerk-nutricare.ch\/index.php\/wp-json\/wp\/v2\/media?parent=90"}],"curies":[{"name":"wp","href":"https:\/\/api.w.org\/{rel}","templated":true}]}}