{"id":91,"date":"2019-01-29T14:30:28","date_gmt":"2019-01-29T14:30:28","guid":{"rendered":"http:\/\/netzwerk-nutricare.ch\/?page_id=91"},"modified":"2025-08-04T16:22:53","modified_gmt":"2025-08-04T14:22:53","slug":"leistungsangebot","status":"publish","type":"page","link":"https:\/\/netzwerk-nutricare.ch\/index.php\/leistungsangebot\/","title":{"rendered":"Unser Leistungsangebot"},"content":{"rendered":"\n<p>Das Netzwerk Nutricare hat sich zum Ziel gesetzt, kompetente Ern\u00e4hrungsberatung wohnortsnah anzubieten. Aus diesem Grund versuchen wir, unter dem Menupunkt&nbsp;<a href=\"https:\/\/netzwerk-nutricare.ch\/index.php\/standorte\/\">Standorte<\/a>,&nbsp;&nbsp;Ern\u00e4hrungsberatungen in der Umgebung von Bern&nbsp;zu vernetzen.&nbsp;&nbsp;&nbsp; <\/p>\n\n\n\n<h3 class=\"wp-block-heading\">Unser Leistungsangebot f\u00fcr Patient*innen<br><\/h3>\n\n\n\n<ul class=\"wp-block-list\">\n<li>Ambulante Ern\u00e4hrungsberatung m\u00f6glichst wohnortsnah im Kanton Bern<\/li>\n\n\n\n<li>Bei Bedarf telefonische Beratung oder  online via Video oder Mail <\/li>\n\n\n\n<li>Nach Absprache Domizilberatung (Care@Home)<\/li>\n<\/ul>\n\n\n\n<p>Wie Sie selber einen Termin bei Jemandem vom Netzwerk Nutricare vereinbaren k\u00f6nnen erfahren Sie <a href=\"https:\/\/netzwerk-nutricare.ch\/index.php\/selbstzuweisung\/\" target=\"_blank\" rel=\"noopener\" title=\"Selbstzuweisung\">hier.<\/a><\/p>\n\n\n\n<h3 class=\"wp-block-heading\">Unser Leistungsangebot f\u00fcr Pflegefachpersonen an Spitexst\u00fctzpunkten<br><\/h3>\n\n\n\n<ul class=\"wp-block-list\">\n<li>Bei Bedarf Weiterbildungen zu ern\u00e4hrungsrelevanten Themen&nbsp;<br>(z. B. Mangelern\u00e4hrung bei Wunden)<\/li>\n\n\n\n<li>Unterst\u00fctzung bei ern\u00e4hrungstherapeutischen Interventionen&nbsp;<br>(z. B. Sondenern\u00e4hrung)<\/li>\n\n\n\n<li>Schulungen \/ Weiterbildungen \/ Coaching<br><br>Wir bieten f\u00fcr Ihr Team gerne Weiterbildungen zu einem Ern\u00e4hrungsthema nach Bedarf an. Wie Sie Klient*innen bei uns anmelden k\u00f6nnen, erfahren Sie <a href=\"https:\/\/netzwerk-nutricare.ch\/index.php\/spitex\/\" target=\"_blank\" rel=\"noopener\" title=\"Anmeldung durch Spitex\">hier. <\/a><\/li>\n<\/ul>\n\n\n\n<h3 class=\"wp-block-heading\">Unser Leistungsangebot f\u00fcr \u00c4rzt*innen<\/h3>\n\n\n\n<ul class=\"wp-block-list\">\n<li>Ern\u00e4hrungsberatung f\u00fcr Patient*innen und Angeh\u00f6rige<\/li>\n\n\n\n<li>Therapieunterst\u00fctzung von enteral (per Sonde) und parenteral ern\u00e4hrten Patient*innen in Absprache und Koordination mit den betreuenden Zuweisenden.<\/li>\n\n\n\n<li>Vorbeugen vor und Unterst\u00fctzung bei ungewolltem Gewichtsverlust z.B. bei \u00e4lteren Menschen, bei Tumorerkrankungen und anderen Erkrankungen<\/li>\n\n\n\n<li>Gesuchsvorbereitung f\u00fcr die k\u00fcnstliche Ern\u00e4hrung<\/li>\n\n\n\n<li>Bestellung von k\u00fcnstlicher Ern\u00e4hrung<\/li>\n\n\n\n<li>Bei Bedarf Weiterbildungen zu ern\u00e4hrungsrelevanten Themen<\/li>\n<\/ul>\n\n\n\n<p>Wie Sie Patient*innen bei uns anmelden k\u00f6nnen, erfahren Sie <a href=\"https:\/\/netzwerk-nutricare.ch\/index.php\/aerzte\/\" target=\"_blank\" rel=\"noopener\" title=\"Zuweisung f\u00fcr \u00c4rzt*innen\">hier. <\/a><\/p>\n","protected":false},"excerpt":{"rendered":"<p>Das Netzwerk Nutricare hat sich zum Ziel gesetzt, kompetente Ern\u00e4hrungsberatung wohnortsnah anzubieten. Aus diesem Grund versuchen wir, unter dem Menupunkt&nbsp;Standorte,&nbsp;&nbsp;Ern\u00e4hrungsberatungen in der Umgebung von Bern&nbsp;zu vernetzen.&nbsp;&nbsp;&nbsp; Unser Leistungsangebot f\u00fcr Patient*innen Wie Sie selber einen Termin bei Jemandem vom Netzwerk Nutricare vereinbaren k\u00f6nnen erfahren Sie hier. Unser Leistungsangebot f\u00fcr Pflegefachpersonen an Spitexst\u00fctzpunkten Unser Leistungsangebot f\u00fcr \u00c4rzt*innen &hellip; <\/p>\n<p class=\"link-more\"><a href=\"https:\/\/netzwerk-nutricare.ch\/index.php\/leistungsangebot\/\" class=\"more-link\"><span class=\"screen-reader-text\">&#171;Unser Leistungsangebot&#187;<\/span> weiterlesen<\/a><\/p>\n","protected":false},"author":1,"featured_media":0,"parent":0,"menu_order":0,"comment_status":"closed","ping_status":"closed","template":"","meta":{"om_disable_all_campaigns":false,"_monsterinsights_skip_tracking":false,"_monsterinsights_sitenote_active":false,"_monsterinsights_sitenote_note":"","_monsterinsights_sitenote_category":0,"footnotes":""},"class_list":["post-91","page","type-page","status-publish","hentry"],"aioseo_notices":[],"_links":{"self":[{"href":"https:\/\/netzwerk-nutricare.ch\/index.php\/wp-json\/wp\/v2\/pages\/91","targetHints":{"allow":["GET"]}}],"collection":[{"href":"https:\/\/netzwerk-nutricare.ch\/index.php\/wp-json\/wp\/v2\/pages"}],"about":[{"href":"https:\/\/netzwerk-nutricare.ch\/index.php\/wp-json\/wp\/v2\/types\/page"}],"author":[{"embeddable":true,"href":"https:\/\/netzwerk-nutricare.ch\/index.php\/wp-json\/wp\/v2\/users\/1"}],"replies":[{"embeddable":true,"href":"https:\/\/netzwerk-nutricare.ch\/index.php\/wp-json\/wp\/v2\/comments?post=91"}],"version-history":[{"count":27,"href":"https:\/\/netzwerk-nutricare.ch\/index.php\/wp-json\/wp\/v2\/pages\/91\/revisions"}],"predecessor-version":[{"id":795,"href":"https:\/\/netzwerk-nutricare.ch\/index.php\/wp-json\/wp\/v2\/pages\/91\/revisions\/795"}],"wp:attachment":[{"href":"https:\/\/netzwerk-nutricare.ch\/index.php\/wp-json\/wp\/v2\/media?parent=91"}],"curies":[{"name":"wp","href":"https:\/\/api.w.org\/{rel}","templated":true}]}}