{"id":92,"date":"2019-01-29T14:30:28","date_gmt":"2019-01-29T14:30:28","guid":{"rendered":"http:\/\/netzwerk-nutricare.ch\/?page_id=92"},"modified":"2026-02-26T14:43:28","modified_gmt":"2026-02-26T13:43:28","slug":"standorte","status":"publish","type":"page","link":"https:\/\/netzwerk-nutricare.ch\/index.php\/standorte\/","title":{"rendered":"Standorte im Kanton Bern"},"content":{"rendered":"\n<p>Auf der Karte sehen Sie, wo im Kanton Bern Standorte des <strong>Netwerks Nutricare <\/strong>zu finden sind. Unterhalb der Karte sind die Standorte alphabetisch und mit Fotos aufgelistet. Die genauen Angaben unserer Standorte finden Sie unter <a href=\"https:\/\/netzwerk-nutricare.ch\/index.php\/kontakt\/\" data-type=\"page\" data-id=\"27\">Kontakt.<\/a><\/p>\n\n\n\n<figure class=\"wp-block-image size-full\"><img data-opt-id=115692585  fetchpriority=\"high\" decoding=\"async\" width=\"687\" height=\"646\" src=\"https:\/\/mlp4lg76ledp.i.optimole.com\/w:auto\/h:auto\/q:mauto\/f:best\/https:\/\/netzwerk-nutricare.ch\/wp-content\/uploads\/2025\/04\/Karte-25.png\" alt=\"\" class=\"wp-image-701\" srcset=\"https:\/\/mlp4lg76ledp.i.optimole.com\/w:687\/h:646\/q:mauto\/f:best\/https:\/\/netzwerk-nutricare.ch\/wp-content\/uploads\/2025\/04\/Karte-25.png 687w, https:\/\/mlp4lg76ledp.i.optimole.com\/w:300\/h:282\/q:mauto\/f:best\/https:\/\/netzwerk-nutricare.ch\/wp-content\/uploads\/2025\/04\/Karte-25.png 300w\" sizes=\"(max-width: 525px) 100vw, 525px\" \/><\/figure>\n\n\n\n<p style=\"font-size:23px\">Unsere Standorte im \u00dcberblick:<\/p>\n\n\n\n<div class=\"wp-block-media-text alignwide has-media-on-the-right is-stacked-on-mobile\" style=\"grid-template-columns:auto 15%\"><div class=\"wp-block-media-text__content\">\n<p><strong>Bern Amselweg 9:<\/strong> <a href=\"https:\/\/www.die-ernaehrungsberaterin.ch\/team\/team-praxis-bern\/anita-groeli\" target=\"_blank\" rel=\"noopener\" title=\"Homepage von Anita Gr\u00f6li\">Die Ern\u00e4hrungsberaterin<\/a>.ch<\/p>\n\n\n\n<p><\/p>\n<\/div><figure class=\"wp-block-media-text__media\"><img data-opt-id=2014544633  fetchpriority=\"high\" decoding=\"async\" width=\"480\" height=\"480\" src=\"https:\/\/mlp4lg76ledp.i.optimole.com\/w:auto\/h:auto\/q:mauto\/f:best\/https:\/\/netzwerk-nutricare.ch\/wp-content\/uploads\/2025\/06\/Anita-1.jpg\" alt=\"\" class=\"wp-image-740 size-full\" srcset=\"https:\/\/mlp4lg76ledp.i.optimole.com\/w:480\/h:480\/q:mauto\/f:best\/https:\/\/netzwerk-nutricare.ch\/wp-content\/uploads\/2025\/06\/Anita-1.jpg 480w, https:\/\/mlp4lg76ledp.i.optimole.com\/w:300\/h:300\/q:mauto\/f:best\/https:\/\/netzwerk-nutricare.ch\/wp-content\/uploads\/2025\/06\/Anita-1.jpg 300w, https:\/\/mlp4lg76ledp.i.optimole.com\/w:150\/h:150\/q:mauto\/f:best\/https:\/\/netzwerk-nutricare.ch\/wp-content\/uploads\/2025\/06\/Anita-1.jpg 150w, https:\/\/mlp4lg76ledp.i.optimole.com\/w:100\/h:100\/q:mauto\/f:best\/dpr:2\/https:\/\/netzwerk-nutricare.ch\/wp-content\/uploads\/2025\/06\/Anita-1.jpg 100w\" sizes=\"(max-width: 480px) 100vw, 480px\" \/><\/figure><\/div>\n\n\n\n<div class=\"wp-block-media-text alignwide has-media-on-the-right is-stacked-on-mobile\" style=\"grid-template-columns:auto 15%\"><div class=\"wp-block-media-text__content\">\n<p><strong>Bern MonBijou:<\/strong> <a href=\"https:\/\/www.ernaehrungsberatung-monbijou.ch\/\" target=\"_blank\" rel=\"noopener\" title=\"Das Ern\u00e4hrungsberatungsteam zentral in Bern\">Ern\u00e4hrungsberatung MonBijou<\/a><\/p>\n<\/div><figure class=\"wp-block-media-text__media\"><img data-opt-id=1593825540  fetchpriority=\"high\" decoding=\"async\" width=\"201\" height=\"300\" src=\"https:\/\/mlp4lg76ledp.i.optimole.com\/w:auto\/h:auto\/q:mauto\/f:best\/https:\/\/netzwerk-nutricare.ch\/wp-content\/uploads\/2021\/04\/Martin-Ruegge.jpg\" alt=\"\" class=\"wp-image-376 size-full\"\/><\/figure><\/div>\n\n\n\n<div class=\"wp-block-media-text alignwide has-media-on-the-right is-stacked-on-mobile\" style=\"grid-template-columns:auto 15%\"><div class=\"wp-block-media-text__content\">\n<p><strong>Bern Weissenb\u00fchl<\/strong>: <a href=\"http:\/\/www.suedbahnhof.ch\" target=\"_blank\" rel=\"noopener\" title=\"Patricia Teuscher in der Praxis S\u00fcdbahnhof\">\u00c4rztezentrum S\u00fcdbahnhof AG<\/a><\/p>\n<\/div><figure class=\"wp-block-media-text__media\"><img data-opt-id=1044432748  data-opt-src=\"https:\/\/mlp4lg76ledp.i.optimole.com\/w:880\/h:1024\/q:mauto\/f:best\/https:\/\/netzwerk-nutricare.ch\/wp-content\/uploads\/2021\/11\/Patricia-2.jpg\"  decoding=\"async\" width=\"880\" height=\"1024\" src=\"https:\/\/mlp4lg76ledp.i.optimole.com\/w:880\/h:1024\/q:eco\/f:best\/https:\/\/netzwerk-nutricare.ch\/wp-content\/uploads\/2021\/11\/Patricia-2.jpg\" alt=\"\" class=\"wp-image-497 size-full\" old-srcset=\"https:\/\/mlp4lg76ledp.i.optimole.com\/w:880\/h:1024\/q:mauto\/f:best\/https:\/\/netzwerk-nutricare.ch\/wp-content\/uploads\/2021\/11\/Patricia-2.jpg 880w, https:\/\/mlp4lg76ledp.i.optimole.com\/w:258\/h:300\/q:mauto\/f:best\/https:\/\/netzwerk-nutricare.ch\/wp-content\/uploads\/2021\/11\/Patricia-2.jpg 258w, https:\/\/mlp4lg76ledp.i.optimole.com\/w:768\/h:894\/q:mauto\/f:best\/https:\/\/netzwerk-nutricare.ch\/wp-content\/uploads\/2021\/11\/Patricia-2.jpg 768w, https:\/\/mlp4lg76ledp.i.optimole.com\/w:928\/h:1080\/q:mauto\/f:best\/https:\/\/netzwerk-nutricare.ch\/wp-content\/uploads\/2021\/11\/Patricia-2.jpg 1320w, https:\/\/mlp4lg76ledp.i.optimole.com\/w:927\/h:1080\/q:mauto\/f:best\/https:\/\/netzwerk-nutricare.ch\/wp-content\/uploads\/2021\/11\/Patricia-2.jpg 1759w, https:\/\/mlp4lg76ledp.i.optimole.com\/w:927\/h:1080\/q:mauto\/f:best\/https:\/\/netzwerk-nutricare.ch\/wp-content\/uploads\/2021\/11\/Patricia-2.jpg 1859w\" \/><\/figure><\/div>\n\n\n\n<div class=\"wp-block-media-text alignwide has-media-on-the-right is-stacked-on-mobile\" style=\"grid-template-columns:auto 15%\"><div class=\"wp-block-media-text__content\">\n<p><strong>Burgdorf:<\/strong> <a href=\"https:\/\/www.die-ernaehrungsberaterin.ch\/\" target=\"_blank\" rel=\"noopener\" title=\"Sonja Erni bietet Beratungen in Burgdorf an\">Die-ern\u00e4hrungsberaterin.ch<\/a><\/p>\n<\/div><figure class=\"wp-block-media-text__media\"><img data-opt-id=749298632  data-opt-src=\"https:\/\/mlp4lg76ledp.i.optimole.com\/w:auto\/h:auto\/q:mauto\/f:best\/https:\/\/netzwerk-nutricare.ch\/wp-content\/uploads\/2021\/06\/Sonja.png\"  decoding=\"async\" width=\"233\" height=\"303\" src=\"https:\/\/mlp4lg76ledp.i.optimole.com\/w:auto\/h:auto\/q:eco\/f:best\/https:\/\/netzwerk-nutricare.ch\/wp-content\/uploads\/2021\/06\/Sonja.png\" alt=\"\" class=\"wp-image-413 size-full\" old-srcset=\"https:\/\/mlp4lg76ledp.i.optimole.com\/w:233\/h:303\/q:mauto\/f:best\/https:\/\/netzwerk-nutricare.ch\/wp-content\/uploads\/2021\/06\/Sonja.png 233w, https:\/\/mlp4lg76ledp.i.optimole.com\/w:231\/h:300\/q:mauto\/f:best\/https:\/\/netzwerk-nutricare.ch\/wp-content\/uploads\/2021\/06\/Sonja.png 231w\" \/><\/figure><\/div>\n\n\n\n<div class=\"wp-block-media-text alignwide has-media-on-the-right is-stacked-on-mobile\" style=\"grid-template-columns:auto 15%\"><div class=\"wp-block-media-text__content\">\n<p><strong>Jegenstorf: <\/strong> <a href=\"http:\/\/www.die-ernaehrungsberaterin.ch\" target=\"_blank\" rel=\"noopener\" title=\"\"><\/a><a href=\"http:\/\/www.die-ernaehrungsberaterin.ch\" title=\"Ern\u00e4hrungsberatung in Jegenstorf\">www.die-ernaehrungsberaterin.ch<\/a>&nbsp;<\/p>\n<\/div><figure class=\"wp-block-media-text__media\"><img data-opt-id=2014544633  fetchpriority=\"high\" decoding=\"async\" width=\"480\" height=\"480\" src=\"https:\/\/mlp4lg76ledp.i.optimole.com\/w:auto\/h:auto\/q:mauto\/f:best\/https:\/\/netzwerk-nutricare.ch\/wp-content\/uploads\/2025\/06\/Anita-1.jpg\" alt=\"\" class=\"wp-image-740 size-full\" srcset=\"https:\/\/mlp4lg76ledp.i.optimole.com\/w:480\/h:480\/q:mauto\/f:best\/https:\/\/netzwerk-nutricare.ch\/wp-content\/uploads\/2025\/06\/Anita-1.jpg 480w, https:\/\/mlp4lg76ledp.i.optimole.com\/w:300\/h:300\/q:mauto\/f:best\/https:\/\/netzwerk-nutricare.ch\/wp-content\/uploads\/2025\/06\/Anita-1.jpg 300w, https:\/\/mlp4lg76ledp.i.optimole.com\/w:150\/h:150\/q:mauto\/f:best\/https:\/\/netzwerk-nutricare.ch\/wp-content\/uploads\/2025\/06\/Anita-1.jpg 150w, https:\/\/mlp4lg76ledp.i.optimole.com\/w:100\/h:100\/q:mauto\/f:best\/dpr:2\/https:\/\/netzwerk-nutricare.ch\/wp-content\/uploads\/2025\/06\/Anita-1.jpg 100w\" sizes=\"(max-width: 480px) 100vw, 480px\" \/><\/figure><\/div>\n\n\n\n<div class=\"wp-block-media-text alignwide has-media-on-the-right is-stacked-on-mobile\" style=\"grid-template-columns:auto 15%\"><div class=\"wp-block-media-text__content\">\n<p><strong>Meiringen:<\/strong> <a href=\"https:\/\/fischer-erb.ch\/\" target=\"_blank\" rel=\"noopener\" title=\"F\u00fcr Beratungen in der Region Meiringen \">Fischer-ERB.ch<\/a><\/p>\n<\/div><figure class=\"wp-block-media-text__media\"><img data-opt-id=1419625366  data-opt-src=\"https:\/\/mlp4lg76ledp.i.optimole.com\/w:auto\/h:auto\/q:mauto\/f:best\/https:\/\/netzwerk-nutricare.ch\/wp-content\/uploads\/2021\/04\/Beatrice_Fischer.jpg\"  decoding=\"async\" width=\"201\" height=\"300\" src=\"https:\/\/mlp4lg76ledp.i.optimole.com\/w:auto\/h:auto\/q:eco\/f:best\/https:\/\/netzwerk-nutricare.ch\/wp-content\/uploads\/2021\/04\/Beatrice_Fischer.jpg\" alt=\"\" class=\"wp-image-375 size-full\"\/><\/figure><\/div>\n\n\n\n<div class=\"wp-block-media-text alignwide has-media-on-the-right is-stacked-on-mobile\" style=\"grid-template-columns:auto 15%\"><div class=\"wp-block-media-text__content\">\n<p><strong>M\u00fcnchenbuchsee:<\/strong> <a href=\"https:\/\/www.ernaehrungsberatung-monbijou.ch\/standort-m%C3%BCnchenbuchsee\/\" title=\"Die Filiale der Ern\u00e4hrungsberatung MonBijou in M\u00fcnchenbuchsee\">Ern\u00e4hrungsberatung MonBijou<\/a><\/p>\n<\/div><figure class=\"wp-block-media-text__media\"><img data-opt-id=1593825540  fetchpriority=\"high\" decoding=\"async\" width=\"201\" height=\"300\" src=\"https:\/\/mlp4lg76ledp.i.optimole.com\/w:auto\/h:auto\/q:mauto\/f:best\/https:\/\/netzwerk-nutricare.ch\/wp-content\/uploads\/2021\/04\/Martin-Ruegge.jpg\" alt=\"\" class=\"wp-image-376 size-full\"\/><\/figure><\/div>\n\n\n\n<div class=\"wp-block-media-text alignwide has-media-on-the-right is-stacked-on-mobile\" style=\"grid-template-columns:auto 15%\"><div class=\"wp-block-media-text__content\">\n<p><strong>M\u00fcnsingen:<\/strong> <a href=\"http:\/\/wissenumsessen.ch\" target=\"_blank\" rel=\"noopener\" title=\"Arlette Boller bietet Ern\u00e4hrungsberatung in M\u00fcnsingen an. \">wissenumsessen.ch<\/a><\/p>\n<\/div><figure class=\"wp-block-media-text__media\"><img data-opt-id=1281640101  data-opt-src=\"https:\/\/mlp4lg76ledp.i.optimole.com\/w:740\/h:1024\/q:mauto\/f:best\/https:\/\/netzwerk-nutricare.ch\/wp-content\/uploads\/2021\/12\/Arlette-Boller-Berger-2.jpg\"  decoding=\"async\" width=\"740\" height=\"1024\" src=\"https:\/\/mlp4lg76ledp.i.optimole.com\/w:740\/h:1024\/q:eco\/f:best\/https:\/\/netzwerk-nutricare.ch\/wp-content\/uploads\/2021\/12\/Arlette-Boller-Berger-2.jpg\" alt=\"\" class=\"wp-image-502 size-full\" old-srcset=\"https:\/\/mlp4lg76ledp.i.optimole.com\/w:740\/h:1024\/q:mauto\/f:best\/https:\/\/netzwerk-nutricare.ch\/wp-content\/uploads\/2021\/12\/Arlette-Boller-Berger-2.jpg 740w, https:\/\/mlp4lg76ledp.i.optimole.com\/w:217\/h:300\/q:mauto\/f:best\/https:\/\/netzwerk-nutricare.ch\/wp-content\/uploads\/2021\/12\/Arlette-Boller-Berger-2.jpg 217w, https:\/\/mlp4lg76ledp.i.optimole.com\/w:768\/h:1062\/q:mauto\/f:best\/https:\/\/netzwerk-nutricare.ch\/wp-content\/uploads\/2021\/12\/Arlette-Boller-Berger-2.jpg 768w, https:\/\/mlp4lg76ledp.i.optimole.com\/w:781\/h:1080\/q:mauto\/f:best\/https:\/\/netzwerk-nutricare.ch\/wp-content\/uploads\/2021\/12\/Arlette-Boller-Berger-2.jpg 1111w, https:\/\/mlp4lg76ledp.i.optimole.com\/w:780\/h:1080\/q:mauto\/f:best\/https:\/\/netzwerk-nutricare.ch\/wp-content\/uploads\/2021\/12\/Arlette-Boller-Berger-2.jpg 1258w\" \/><\/figure><\/div>\n\n\n\n<div class=\"wp-block-media-text alignwide has-media-on-the-right is-stacked-on-mobile\" style=\"grid-template-columns:auto 15%\"><div class=\"wp-block-media-text__content\">\n<p><strong>Thun<strong>:<\/strong> <\/strong><a href=\"https:\/\/ernaehrungsberatung-wenger.ch\/\" target=\"_blank\" rel=\"noopener\" title=\"Unser Teammitglied Christine Wenger bietet Beratungen im Raum Thun an\">Ern\u00e4hrungsberatung Wenger<\/a><\/p>\n<\/div><figure class=\"wp-block-media-text__media\"><img data-opt-id=1536688706  data-opt-src=\"https:\/\/mlp4lg76ledp.i.optimole.com\/w:auto\/h:auto\/q:mauto\/f:best\/https:\/\/netzwerk-nutricare.ch\/wp-content\/uploads\/2025\/03\/Screenshot-2025-03-12-213121.png\"  decoding=\"async\" width=\"361\" height=\"457\" src=\"https:\/\/mlp4lg76ledp.i.optimole.com\/w:auto\/h:auto\/q:eco\/f:best\/https:\/\/netzwerk-nutricare.ch\/wp-content\/uploads\/2025\/03\/Screenshot-2025-03-12-213121.png\" alt=\"\" class=\"wp-image-690 size-full\" old-srcset=\"https:\/\/mlp4lg76ledp.i.optimole.com\/w:361\/h:457\/q:mauto\/f:best\/https:\/\/netzwerk-nutricare.ch\/wp-content\/uploads\/2025\/03\/Screenshot-2025-03-12-213121.png 361w, https:\/\/mlp4lg76ledp.i.optimole.com\/w:237\/h:300\/q:mauto\/f:best\/https:\/\/netzwerk-nutricare.ch\/wp-content\/uploads\/2025\/03\/Screenshot-2025-03-12-213121.png 237w\" \/><\/figure><\/div>\n\n\n\n<p><\/p>\n\n\n\n<p><br><br><\/p>\n","protected":false},"excerpt":{"rendered":"<p>Auf der Karte sehen Sie, wo im Kanton Bern Standorte des Netwerks Nutricare zu finden sind. Unterhalb der Karte sind die Standorte alphabetisch und mit Fotos aufgelistet. Die genauen Angaben unserer Standorte finden Sie unter Kontakt. Unsere Standorte im \u00dcberblick: Bern Amselweg 9: Die Ern\u00e4hrungsberaterin.ch Bern MonBijou: Ern\u00e4hrungsberatung MonBijou Bern Weissenb\u00fchl: \u00c4rztezentrum S\u00fcdbahnhof AG Burgdorf: &hellip; <\/p>\n<p class=\"link-more\"><a href=\"https:\/\/netzwerk-nutricare.ch\/index.php\/standorte\/\" class=\"more-link\"><span class=\"screen-reader-text\">&#171;Standorte im Kanton Bern&#187;<\/span> weiterlesen<\/a><\/p>\n","protected":false},"author":1,"featured_media":0,"parent":0,"menu_order":0,"comment_status":"closed","ping_status":"closed","template":"","meta":{"om_disable_all_campaigns":false,"_monsterinsights_skip_tracking":false,"_monsterinsights_sitenote_active":false,"_monsterinsights_sitenote_note":"","_monsterinsights_sitenote_category":0,"footnotes":""},"class_list":["post-92","page","type-page","status-publish","hentry"],"aioseo_notices":[],"_links":{"self":[{"href":"https:\/\/netzwerk-nutricare.ch\/index.php\/wp-json\/wp\/v2\/pages\/92","targetHints":{"allow":["GET"]}}],"collection":[{"href":"https:\/\/netzwerk-nutricare.ch\/index.php\/wp-json\/wp\/v2\/pages"}],"about":[{"href":"https:\/\/netzwerk-nutricare.ch\/index.php\/wp-json\/wp\/v2\/types\/page"}],"author":[{"embeddable":true,"href":"https:\/\/netzwerk-nutricare.ch\/index.php\/wp-json\/wp\/v2\/users\/1"}],"replies":[{"embeddable":true,"href":"https:\/\/netzwerk-nutricare.ch\/index.php\/wp-json\/wp\/v2\/comments?post=92"}],"version-history":[{"count":69,"href":"https:\/\/netzwerk-nutricare.ch\/index.php\/wp-json\/wp\/v2\/pages\/92\/revisions"}],"predecessor-version":[{"id":820,"href":"https:\/\/netzwerk-nutricare.ch\/index.php\/wp-json\/wp\/v2\/pages\/92\/revisions\/820"}],"wp:attachment":[{"href":"https:\/\/netzwerk-nutricare.ch\/index.php\/wp-json\/wp\/v2\/media?parent=92"}],"curies":[{"name":"wp","href":"https:\/\/api.w.org\/{rel}","templated":true}]}}